{"id":971,"date":"2022-03-23T08:40:39","date_gmt":"2022-03-23T08:40:39","guid":{"rendered":"http:\/\/saarneralltagsbegleiter.de\/?page_id=971"},"modified":"2022-03-23T10:17:24","modified_gmt":"2022-03-23T10:17:24","slug":"elementor-971","status":"publish","type":"page","link":"https:\/\/saarneralltagsbegleiter.de\/?page_id=971","title":{"rendered":"\u00dcber uns"},"content":{"rendered":"\t\t<div data-elementor-type=\"wp-page\" data-elementor-id=\"971\" class=\"elementor elementor-971\">\n\t\t\t\t\t\t<section class=\"elementor-section elementor-top-section elementor-element elementor-element-be46c96 elementor-section-boxed elementor-section-height-default elementor-section-height-default\" data-id=\"be46c96\" data-element_type=\"section\" data-e-type=\"section\">\n\t\t\t\t\t\t<div class=\"elementor-container elementor-column-gap-default\">\n\t\t\t\t\t<div class=\"elementor-column elementor-col-100 elementor-top-column elementor-element elementor-element-9b248f4\" data-id=\"9b248f4\" data-element_type=\"column\" data-e-type=\"column\">\n\t\t\t<div class=\"elementor-widget-wrap elementor-element-populated\">\n\t\t\t\t\t\t<div class=\"elementor-element elementor-element-e0ca998 elementor-widget elementor-widget-text-editor\" data-id=\"e0ca998\" data-element_type=\"widget\" data-e-type=\"widget\" data-widget_type=\"text-editor.default\">\n\t\t\t\t<div class=\"elementor-widget-container\">\n\t\t\t\t\t\t\t\t\t<p>F\u00fcr viele Familien wird der Alltag mit zunehmendem Alter schwerer. Mit der Zeit merken Ihre Angeh\u00f6rigen oder auch Sie selbst, dass einfachste T\u00e4tigkeiten zu einer gro\u00dfen Herausforderung werden, allein weil man selbst nicht mehr zu flexibel ist wie fr\u00fcher. Hinzu kommen oftmals dann noch gesundheitliche Einschr\u00e4nkungen. Dieses\u00a0 Leid und auch diese Verantwortung m\u00f6chten wir Ihnen ein St\u00fcck weit abnehmen und haben es uns deshalb zu einer Herzensangelegenheit gemacht, eine professionelle auf hohe Werte basierende Alltagsbegleitung zu gr\u00fcnden. F\u00fcr Sie, f\u00fcr Ihre Angeh\u00f6rigen und f\u00fcr ein besseres Miteinander.\u00a0<\/p>\t\t\t\t\t\t\t\t<\/div>\n\t\t\t\t<\/div>\n\t\t\t\t\t<\/div>\n\t\t<\/div>\n\t\t\t\t\t<\/div>\n\t\t<\/section>\n\t\t\t\t<\/div>\n\t\t","protected":false},"excerpt":{"rendered":"<p>F\u00fcr viele Familien wird der Alltag mit zunehmendem Alter schwerer. Mit der Zeit merken Ihre Angeh\u00f6rigen oder auch Sie selbst, dass einfachste T\u00e4tigkeiten zu einer gro\u00dfen Herausforderung werden, allein weil man selbst nicht mehr zu flexibel ist wie fr\u00fcher. Hinzu kommen oftmals dann noch gesundheitliche Einschr\u00e4nkungen. Dieses\u00a0 Leid und auch diese Verantwortung m\u00f6chten wir Ihnen [&hellip;]<\/p>\n","protected":false},"author":1,"featured_media":0,"parent":0,"menu_order":0,"comment_status":"closed","ping_status":"closed","template":"","meta":{"om_disable_all_campaigns":false,"_monsterinsights_skip_tracking":false,"_monsterinsights_sitenote_active":false,"_monsterinsights_sitenote_note":"","_monsterinsights_sitenote_category":0,"footnotes":""},"class_list":["post-971","page","type-page","status-publish","hentry"],"aioseo_notices":[],"_links":{"self":[{"href":"https:\/\/saarneralltagsbegleiter.de\/index.php?rest_route=\/wp\/v2\/pages\/971","targetHints":{"allow":["GET"]}}],"collection":[{"href":"https:\/\/saarneralltagsbegleiter.de\/index.php?rest_route=\/wp\/v2\/pages"}],"about":[{"href":"https:\/\/saarneralltagsbegleiter.de\/index.php?rest_route=\/wp\/v2\/types\/page"}],"author":[{"embeddable":true,"href":"https:\/\/saarneralltagsbegleiter.de\/index.php?rest_route=\/wp\/v2\/users\/1"}],"replies":[{"embeddable":true,"href":"https:\/\/saarneralltagsbegleiter.de\/index.php?rest_route=%2Fwp%2Fv2%2Fcomments&post=971"}],"version-history":[{"count":11,"href":"https:\/\/saarneralltagsbegleiter.de\/index.php?rest_route=\/wp\/v2\/pages\/971\/revisions"}],"predecessor-version":[{"id":984,"href":"https:\/\/saarneralltagsbegleiter.de\/index.php?rest_route=\/wp\/v2\/pages\/971\/revisions\/984"}],"wp:attachment":[{"href":"https:\/\/saarneralltagsbegleiter.de\/index.php?rest_route=%2Fwp%2Fv2%2Fmedia&parent=971"}],"curies":[{"name":"wp","href":"https:\/\/api.w.org\/{rel}","templated":true}]}}