{"id":9,"date":"2020-12-21T07:38:58","date_gmt":"2020-12-21T07:38:58","guid":{"rendered":"http:\/\/saarneralltagsbegleiter.de\/?page_id=9"},"modified":"2022-02-25T16:22:51","modified_gmt":"2022-02-25T16:22:51","slug":"home","status":"publish","type":"page","link":"https:\/\/saarneralltagsbegleiter.de\/","title":{"rendered":"Herzlich willkommen bei den Saarner Alltagsbegleitern"},"content":{"rendered":"\t\t<div data-elementor-type=\"wp-page\" data-elementor-id=\"9\" class=\"elementor elementor-9\">\n\t\t\t\t\t\t<section class=\"elementor-section elementor-top-section elementor-element elementor-element-af31b5c elementor-section-full_width elementor-section-stretched elementor-section-height-default elementor-section-height-default\" data-id=\"af31b5c\" data-element_type=\"section\" data-e-type=\"section\" data-settings=\"{&quot;stretch_section&quot;:&quot;section-stretched&quot;}\">\n\t\t\t\t\t\t<div class=\"elementor-container elementor-column-gap-default\">\n\t\t\t\t\t<div class=\"elementor-column elementor-col-100 elementor-top-column elementor-element elementor-element-b2d35d7\" data-id=\"b2d35d7\" data-element_type=\"column\" data-e-type=\"column\">\n\t\t\t<div class=\"elementor-widget-wrap elementor-element-populated\">\n\t\t\t\t\t\t<div class=\"elementor-element elementor-element-ae8a616 elementor-widget elementor-widget-image\" data-id=\"ae8a616\" data-element_type=\"widget\" data-e-type=\"widget\" data-widget_type=\"image.default\">\n\t\t\t\t<div class=\"elementor-widget-container\">\n\t\t\t\t\t\t\t\t\t\t\t\t\t\t\t<img fetchpriority=\"high\" decoding=\"async\" width=\"1024\" height=\"539\" src=\"https:\/\/saarneralltagsbegleiter.de\/wp-content\/uploads\/2022\/02\/Whatsapp-Foto.jpg\" class=\"attachment-full size-full wp-image-958\" alt=\"\" srcset=\"https:\/\/saarneralltagsbegleiter.de\/wp-content\/uploads\/2022\/02\/Whatsapp-Foto.jpg 1024w, https:\/\/saarneralltagsbegleiter.de\/wp-content\/uploads\/2022\/02\/Whatsapp-Foto-300x158.jpg 300w, https:\/\/saarneralltagsbegleiter.de\/wp-content\/uploads\/2022\/02\/Whatsapp-Foto-768x404.jpg 768w\" sizes=\"(max-width: 1024px) 100vw, 1024px\" \/>\t\t\t\t\t\t\t\t\t\t\t\t\t\t\t<\/div>\n\t\t\t\t<\/div>\n\t\t\t\t\t<\/div>\n\t\t<\/div>\n\t\t\t\t\t<\/div>\n\t\t<\/section>\n\t\t\t\t<section class=\"elementor-section elementor-top-section elementor-element elementor-element-6a396ce elementor-section-stretched elementor-section-boxed elementor-section-height-default elementor-section-height-default\" data-id=\"6a396ce\" data-element_type=\"section\" data-e-type=\"section\" data-settings=\"{&quot;stretch_section&quot;:&quot;section-stretched&quot;,&quot;background_background&quot;:&quot;classic&quot;}\">\n\t\t\t\t\t\t<div class=\"elementor-container elementor-column-gap-default\">\n\t\t\t\t\t<div class=\"elementor-column elementor-col-100 elementor-top-column elementor-element elementor-element-08dc6d9\" data-id=\"08dc6d9\" data-element_type=\"column\" data-e-type=\"column\">\n\t\t\t<div class=\"elementor-widget-wrap elementor-element-populated\">\n\t\t\t\t\t\t<div class=\"elementor-element elementor-element-f124cd2 elementor-widget elementor-widget-html\" data-id=\"f124cd2\" data-element_type=\"widget\" data-e-type=\"widget\" data-widget_type=\"html.default\">\n\t\t\t\t<div class=\"elementor-widget-container\">\n\t\t\t\t\t<footer>\r\n<table style=\"border : hidden;\">\r\n    <th style=\"text-align: center; color:white;\">\r\n      Unsere Gesch\u00e4ftadresse  \r\n    <br> <br><br> Saarner Stra\u00dfe 156<br>\r\n45479 M\u00fclheim an der Ruhr<br>\r\nNordrhein-Westfalen\r\n    <\/th>\r\n<th style=\"text-align: center; color:white;\">\r\n   Unsere Kontaktdaten \r\n   <br> <br><br> \r\n   Info@saarneralltagsbegleiter.de<br>\r\n+49(0) 157\/50468782<br>\r\n+49(0) 208\/84899688\r\n<\/th><th style=\"text-align: center; color:white;\">\r\n    Unsere \u00d6ffnungszeiten\r\n       <br> <br><br> \r\n    Mon - Fr: 9:00 - 16:00<br>\r\nSa - So: Nach Terminvereinbarung\r\n<\/th><\/\r\n<table>\r\n<\/footer>\r\n\r\n\t\t\t\t<\/div>\n\t\t\t\t<\/div>\n\t\t\t\t\t<\/div>\n\t\t<\/div>\n\t\t\t\t\t<\/div>\n\t\t<\/section>\n\t\t\t\t<section class=\"elementor-section elementor-top-section elementor-element elementor-element-db3e6bb elementor-section-boxed elementor-section-height-default elementor-section-height-default\" data-id=\"db3e6bb\" data-element_type=\"section\" data-e-type=\"section\">\n\t\t\t\t\t\t<div class=\"elementor-container elementor-column-gap-default\">\n\t\t\t\t\t<div class=\"elementor-column elementor-col-100 elementor-top-column elementor-element elementor-element-5d8350a\" data-id=\"5d8350a\" data-element_type=\"column\" data-e-type=\"column\">\n\t\t\t<div class=\"elementor-widget-wrap elementor-element-populated\">\n\t\t\t\t\t\t<div class=\"elementor-element elementor-element-2add8d5 elementor-widget elementor-widget-html\" data-id=\"2add8d5\" data-element_type=\"widget\" data-e-type=\"widget\" data-widget_type=\"html.default\">\n\t\t\t\t<div class=\"elementor-widget-container\">\n\t\t\t\t\t<script>\r\ndocument.addEventListener(\"DOMContentLoaded\", function(event) { \r\ndoIt()\r\n});\r\nfunction doIt(){\r\n    let div = document.getElementById('colophon').remove()\r\n}\r\n<\/script>\t\t\t\t<\/div>\n\t\t\t\t<\/div>\n\t\t\t\t\t<\/div>\n\t\t<\/div>\n\t\t\t\t\t<\/div>\n\t\t<\/section>\n\t\t\t\t<\/div>\n\t\t","protected":false},"excerpt":{"rendered":"<p>Unsere Gesch\u00e4ftadresse Saarner Stra\u00dfe 156 45479 M\u00fclheim an der Ruhr Nordrhein-Westfalen Unsere Kontaktdaten Info@saarneralltagsbegleiter.de +49(0) 157\/50468782 +49(0) 208\/84899688 Unsere \u00d6ffnungszeiten Mon &#8211; Fr: 9:00 &#8211; 16:00 Sa &#8211; So: Nach Terminvereinbarung<\/p>\n","protected":false},"author":1,"featured_media":0,"parent":0,"menu_order":0,"comment_status":"closed","ping_status":"closed","template":"","meta":{"om_disable_all_campaigns":false,"_monsterinsights_skip_tracking":false,"_monsterinsights_sitenote_active":false,"_monsterinsights_sitenote_note":"","_monsterinsights_sitenote_category":0,"footnotes":""},"class_list":["post-9","page","type-page","status-publish","hentry"],"aioseo_notices":[],"_links":{"self":[{"href":"https:\/\/saarneralltagsbegleiter.de\/index.php?rest_route=\/wp\/v2\/pages\/9","targetHints":{"allow":["GET"]}}],"collection":[{"href":"https:\/\/saarneralltagsbegleiter.de\/index.php?rest_route=\/wp\/v2\/pages"}],"about":[{"href":"https:\/\/saarneralltagsbegleiter.de\/index.php?rest_route=\/wp\/v2\/types\/page"}],"author":[{"embeddable":true,"href":"https:\/\/saarneralltagsbegleiter.de\/index.php?rest_route=\/wp\/v2\/users\/1"}],"replies":[{"embeddable":true,"href":"https:\/\/saarneralltagsbegleiter.de\/index.php?rest_route=%2Fwp%2Fv2%2Fcomments&post=9"}],"version-history":[{"count":109,"href":"https:\/\/saarneralltagsbegleiter.de\/index.php?rest_route=\/wp\/v2\/pages\/9\/revisions"}],"predecessor-version":[{"id":968,"href":"https:\/\/saarneralltagsbegleiter.de\/index.php?rest_route=\/wp\/v2\/pages\/9\/revisions\/968"}],"wp:attachment":[{"href":"https:\/\/saarneralltagsbegleiter.de\/index.php?rest_route=%2Fwp%2Fv2%2Fmedia&parent=9"}],"curies":[{"name":"wp","href":"https:\/\/api.w.org\/{rel}","templated":true}]}}